{"id":15,"date":"2026-04-16T11:19:24","date_gmt":"2026-04-16T11:19:24","guid":{"rendered":"http:\/\/www.variareklam.com\/?page_id=15"},"modified":"2026-04-18T15:05:40","modified_gmt":"2026-04-18T15:05:40","slug":"iletisim","status":"publish","type":"page","link":"https:\/\/www.variareklam.com\/?page_id=15","title":{"rendered":"\u0130leti\u015fim"},"content":{"rendered":"\t\t<div data-elementor-type=\"wp-page\" data-elementor-id=\"15\" class=\"elementor elementor-15\">\n\t\t\t\t<div class=\"elementor-element elementor-element-af3e11d e-flex e-con-boxed e-con e-parent\" data-id=\"af3e11d\" data-element_type=\"container\" data-e-type=\"container\">\n\t\t\t\t\t<div class=\"e-con-inner\">\n\t\t\t\t<div class=\"elementor-element elementor-element-60a9199 elementor-widget elementor-widget-spacer\" data-id=\"60a9199\" data-element_type=\"widget\" data-e-type=\"widget\" data-widget_type=\"spacer.default\">\n\t\t\t\t\t\t\t<div class=\"elementor-spacer\">\n\t\t\t<div class=\"elementor-spacer-inner\"><\/div>\n\t\t<\/div>\n\t\t\t\t\t\t<\/div>\n\t\t\t\t\t<\/div>\n\t\t\t\t<\/div>\n\t\t<div class=\"elementor-element elementor-element-4bd0d133 e-flex e-con-boxed e-con e-parent\" data-id=\"4bd0d133\" data-element_type=\"container\" data-e-type=\"container\">\n\t\t\t\t\t<div class=\"e-con-inner\">\n\t\t\t\t<div class=\"elementor-element elementor-element-4edf62b2 elementor-widget elementor-widget-text-editor\" data-id=\"4edf62b2\" data-element_type=\"widget\" data-e-type=\"widget\" data-widget_type=\"text-editor.default\">\n\t\t\t\t\t\t\t\t\t\n<h1 class=\"wp-block-heading\">\ud83d\udcde \u0130LET\u0130\u015e\u0130M<\/h1>\n\n<p><strong>Varia Reklam<\/strong> ile ileti\u015fime ge\u00e7erek i\u015fletmeniz i\u00e7in en uygun reklam ve tabela \u00e7\u00f6z\u00fcmlerini h\u0131zl\u0131ca \u00f6\u011frenebilirsiniz. \u0130zmir Buca\u2019da reklamc\u0131 arayan i\u015fletmeler i\u00e7in profesyonel, h\u0131zl\u0131 ve uygun fiyatl\u0131 hizmet sunuyoruz.<\/p>\n\n<p>Tabela, dijital bask\u0131, matbaa \u00fcr\u00fcnleri ve kurumsal tasar\u0131m ihtiya\u00e7lar\u0131n\u0131z i\u00e7in bizimle hemen ileti\u015fime ge\u00e7in, size \u00f6zel \u00e7\u00f6z\u00fcmler sunal\u0131m.<\/p>\n<hr class=\"wp-block-separator has-alpha-channel-opacity\" \/>\n<h2 class=\"wp-block-heading\">\ud83d\udccd Adres<\/h2>\n\n<p>Buca Koop Mahallesi<br \/>220\/21 Sokak No: 91A<br \/>Buca \/ \u0130zmir<\/p>\n<hr class=\"wp-block-separator has-alpha-channel-opacity\" \/>\n<h2 class=\"wp-block-heading\">\ud83d\udcde Telefon<\/h2>\n\n<h2 data-start=\"2635\" data-end=\"2656\"><b><img decoding=\"async\" class=\"emoji\" role=\"img\" draggable=\"false\" src=\"https:\/\/s.w.org\/images\/core\/emoji\/17.0.2\/svg\/1f4f1.svg\" alt=\"\ud83d\udcf1\" \/> <span data-start=\"2638\" data-end=\"2656\">0536 936 42 08<\/span><\/b><\/h2>\n<hr class=\"wp-block-separator has-alpha-channel-opacity\" \/>\n<h2 class=\"wp-block-heading\">\ud83d\udcac WhatsApp<\/h2>\n\n<p>\ud83d\udc49 H\u0131zl\u0131 teklif almak ve detayl\u0131 bilgi i\u00e7in WhatsApp \u00fczerinden bize yazabilirsiniz.<br \/>K\u0131sa s\u00fcrede geri d\u00f6n\u00fc\u015f sa\u011fl\u0131yoruz.<\/p>\n<hr class=\"wp-block-separator has-alpha-channel-opacity\" \/>\n<h2 class=\"wp-block-heading\">\ud83d\udce7 E-Posta<\/h2>\n\n<p>\ud83d\udc49 <strong><a>variareklam@gmail.com<\/a><\/strong><\/p>\n<hr class=\"wp-block-separator has-alpha-channel-opacity\" \/>\n<h2 class=\"wp-block-heading\">\ud83d\udd52 \u00c7al\u0131\u015fma Saatleri<\/h2>\n\n<p>Pazartesi \u2013 Cumartesi: 09:00 \u2013 19:00<br \/>Pazar: Kapal\u0131<\/p>\n<hr class=\"wp-block-separator has-alpha-channel-opacity\" \/>\n<h2 class=\"wp-block-heading\">\ud83d\ude80 Neden Bizimle \u0130leti\u015fime Ge\u00e7melisiniz?<\/h2>\n\n<ul class=\"wp-block-list\">\n<li>\u2714 \u0130zmir ve Buca b\u00f6lgesinde h\u0131zl\u0131 ke\u015fif ve uygulama<\/li>\n\n<li>\u2714 Uygun fiyatl\u0131 tabela ve reklam \u00e7\u00f6z\u00fcmleri<\/li>\n\n<li>\u2714 Profesyonel tasar\u0131m ve kaliteli \u00fcretim<\/li>\n\n<li>\u2714 Zaman\u0131nda teslim ve m\u00fc\u015fteri memnuniyeti<\/li>\n<\/ul>\n\t\t\t\t\t\t\t\t<\/div>\n\t\t\t\t\t<\/div>\n\t\t\t\t<\/div>\n\t\t\t\t<\/div>\n\t\t","protected":false},"excerpt":{"rendered":"<p>\ud83d\udcde \u0130LET\u0130\u015e\u0130M Varia Reklam ile ileti\u015fime ge\u00e7erek i\u015fletmeniz i\u00e7in en uygun reklam ve tabela \u00e7\u00f6z\u00fcmlerini h\u0131zl\u0131ca \u00f6\u011frenebilirsiniz. \u0130zmir Buca\u2019da reklamc\u0131 [&hellip;]<\/p>\n","protected":false},"author":1,"featured_media":0,"parent":0,"menu_order":0,"comment_status":"closed","ping_status":"closed","template":"","meta":{"site-sidebar-layout":"default","site-content-layout":"","ast-site-content-layout":"default","site-content-style":"default","site-sidebar-style":"default","ast-global-header-display":"","ast-banner-title-visibility":"","ast-main-header-display":"","ast-hfb-above-header-display":"","ast-hfb-below-header-display":"","ast-hfb-mobile-header-display":"","site-post-title":"disabled","ast-breadcrumbs-content":"","ast-featured-img":"","footer-sml-layout":"","ast-disable-related-posts":"","theme-transparent-header-meta":"","adv-header-id-meta":"","stick-header-meta":"","header-above-stick-meta":"","header-main-stick-meta":"","header-below-stick-meta":"","astra-migrate-meta-layouts":"default","ast-page-background-enabled":"default","ast-page-background-meta":{"desktop":{"background-color":"var(--ast-global-color-5)","background-image":"","background-repeat":"repeat","background-position":"center center","background-size":"auto","background-attachment":"scroll","background-type":"","background-media":"","overlay-type":"","overlay-color":"","overlay-opacity":"","overlay-gradient":""},"tablet":{"background-color":"","background-image":"","background-repeat":"repeat","background-position":"center center","background-size":"auto","background-attachment":"scroll","background-type":"","background-media":"","overlay-type":"","overlay-color":"","overlay-opacity":"","overlay-gradient":""},"mobile":{"background-color":"","background-image":"","background-repeat":"repeat","background-position":"center center","background-size":"auto","background-attachment":"scroll","background-type":"","background-media":"","overlay-type":"","overlay-color":"","overlay-opacity":"","overlay-gradient":""}},"ast-content-background-meta":{"desktop":{"background-color":"var(--ast-global-color-4)","background-image":"","background-repeat":"repeat","background-position":"center center","background-size":"auto","background-attachment":"scroll","background-type":"","background-media":"","overlay-type":"","overlay-color":"","overlay-opacity":"","overlay-gradient":""},"tablet":{"background-color":"var(--ast-global-color-4)","background-image":"","background-repeat":"repeat","background-position":"center center","background-size":"auto","background-attachment":"scroll","background-type":"","background-media":"","overlay-type":"","overlay-color":"","overlay-opacity":"","overlay-gradient":""},"mobile":{"background-color":"var(--ast-global-color-4)","background-image":"","background-repeat":"repeat","background-position":"center center","background-size":"auto","background-attachment":"scroll","background-type":"","background-media":"","overlay-type":"","overlay-color":"","overlay-opacity":"","overlay-gradient":""}},"_joinchat":[],"footnotes":""},"class_list":["post-15","page","type-page","status-publish","hentry"],"_links":{"self":[{"href":"https:\/\/www.variareklam.com\/index.php?rest_route=\/wp\/v2\/pages\/15","targetHints":{"allow":["GET"]}}],"collection":[{"href":"https:\/\/www.variareklam.com\/index.php?rest_route=\/wp\/v2\/pages"}],"about":[{"href":"https:\/\/www.variareklam.com\/index.php?rest_route=\/wp\/v2\/types\/page"}],"author":[{"embeddable":true,"href":"https:\/\/www.variareklam.com\/index.php?rest_route=\/wp\/v2\/users\/1"}],"replies":[{"embeddable":true,"href":"https:\/\/www.variareklam.com\/index.php?rest_route=%2Fwp%2Fv2%2Fcomments&post=15"}],"version-history":[{"count":14,"href":"https:\/\/www.variareklam.com\/index.php?rest_route=\/wp\/v2\/pages\/15\/revisions"}],"predecessor-version":[{"id":161,"href":"https:\/\/www.variareklam.com\/index.php?rest_route=\/wp\/v2\/pages\/15\/revisions\/161"}],"wp:attachment":[{"href":"https:\/\/www.variareklam.com\/index.php?rest_route=%2Fwp%2Fv2%2Fmedia&parent=15"}],"curies":[{"name":"wp","href":"https:\/\/api.w.org\/{rel}","templated":true}]}}